{"id":173,"date":"2019-11-14T11:02:34","date_gmt":"2019-11-14T10:02:34","guid":{"rendered":"http:\/\/eltor2.pl\/?post_type=product&#038;p=173"},"modified":"2024-04-23T08:32:12","modified_gmt":"2024-04-23T06:32:12","slug":"materac-stabilizacyjny-trojkaty","status":"publish","type":"product","link":"https:\/\/eltor2.pl\/index.php\/produkt\/materac-stabilizacyjny-trojkaty\/","title":{"rendered":"Materac stabilizacyjny -tr\u00f3jk\u0105ty"},"content":{"rendered":"<p>Materace wykonujemy z tkanin dwustronnie pokrytych PCV oraz lakierem odpornym na UV. Daje to mo\u017cliwo\u015b\u0107 mycia i odka\u017cania materaca.<\/p>\n<p>Standardowy rozmiar 60 cm x 30 cm x 15 cm.<\/p>\n<p>Dost\u0119pne kolory: bia\u0142y, ecru, \u017c\u00f3\u0142ty, pomara\u0144czowy, czerwony, niebieski, jasny zielony, ciemny zielony, jasny szary, ciemny szary, br\u0105zowy, czarny.<\/p>\n<p>W celu zam\u00f3wienia innego rozmiaru i uzyskania indywidualnej wyceny prosimy o kontakt.<\/p>\n<p>&nbsp;<\/p>\n","protected":false},"excerpt":{"rendered":"<p>materac stabilizacyjny, dwa tr\u00f3jk\u0105ty<\/p>\n","protected":false},"featured_media":96,"comment_status":"open","ping_status":"closed","template":"","meta":{"_themeisle_gutenberg_block_has_review":false},"product_brand":[],"product_cat":[20],"product_tag":[21,23,27,22],"class_list":{"0":"post-173","1":"product","2":"type-product","3":"status-publish","4":"has-post-thumbnail","6":"product_cat-sprzet-weterynaryjny","7":"product_tag-materac","8":"product_tag-nieprzemakalny","9":"product_tag-stabilizacyjny","10":"product_tag-weterynaryjny","12":"first","13":"onbackorder","14":"shipping-taxable","15":"purchasable","16":"product-type-variable"},"yoast_head":"<!-- This site is optimized with the Yoast SEO plugin v27.4 - https:\/\/yoast.com\/product\/yoast-seo-wordpress\/ -->\n<title>Materac stabilizacyjny -tr\u00f3jk\u0105ty | Eltor2<\/title>\n<meta name=\"robots\" content=\"index, follow, max-snippet:-1, max-image-preview:large, max-video-preview:-1\" \/>\n<link rel=\"canonical\" href=\"https:\/\/eltor2.pl\/index.php\/produkt\/materac-stabilizacyjny-trojkaty\/\" \/>\n<meta property=\"og:locale\" content=\"pl_PL\" \/>\n<meta property=\"og:type\" content=\"article\" \/>\n<meta property=\"og:title\" content=\"Materac stabilizacyjny -tr\u00f3jk\u0105ty | Eltor2\" \/>\n<meta property=\"og:description\" content=\"materac stabilizacyjny, dwa tr\u00f3jk\u0105ty\" \/>\n<meta property=\"og:url\" content=\"https:\/\/eltor2.pl\/index.php\/produkt\/materac-stabilizacyjny-trojkaty\/\" \/>\n<meta property=\"og:site_name\" content=\"Eltor2\" \/>\n<meta property=\"article:publisher\" content=\"https:\/\/www.facebook.com\/eltor2\/\" \/>\n<meta property=\"article:modified_time\" content=\"2024-04-23T06:32:12+00:00\" \/>\n<meta property=\"og:image\" content=\"https:\/\/eltor2.pl\/wp-content\/uploads\/2019\/11\/image-1024x768.png\" \/>\n\t<meta property=\"og:image:width\" content=\"1024\" \/>\n\t<meta property=\"og:image:height\" content=\"768\" \/>\n\t<meta property=\"og:image:type\" content=\"image\/png\" \/>\n<meta name=\"twitter:card\" content=\"summary_large_image\" \/>\n<script type=\"application\/ld+json\" class=\"yoast-schema-graph\">{\"@context\":\"https:\\\/\\\/schema.org\",\"@graph\":[{\"@type\":\"WebPage\",\"@id\":\"https:\\\/\\\/eltor2.pl\\\/index.php\\\/produkt\\\/materac-stabilizacyjny-trojkaty\\\/\",\"url\":\"https:\\\/\\\/eltor2.pl\\\/index.php\\\/produkt\\\/materac-stabilizacyjny-trojkaty\\\/\",\"name\":\"Materac stabilizacyjny -tr\u00f3jk\u0105ty | Eltor2\",\"isPartOf\":{\"@id\":\"https:\\\/\\\/eltor2.pl\\\/#website\"},\"primaryImageOfPage\":{\"@id\":\"https:\\\/\\\/eltor2.pl\\\/index.php\\\/produkt\\\/materac-stabilizacyjny-trojkaty\\\/#primaryimage\"},\"image\":{\"@id\":\"https:\\\/\\\/eltor2.pl\\\/index.php\\\/produkt\\\/materac-stabilizacyjny-trojkaty\\\/#primaryimage\"},\"thumbnailUrl\":\"https:\\\/\\\/eltor2.pl\\\/wp-content\\\/uploads\\\/2019\\\/11\\\/image.png\",\"datePublished\":\"2019-11-14T10:02:34+00:00\",\"dateModified\":\"2024-04-23T06:32:12+00:00\",\"breadcrumb\":{\"@id\":\"https:\\\/\\\/eltor2.pl\\\/index.php\\\/produkt\\\/materac-stabilizacyjny-trojkaty\\\/#breadcrumb\"},\"inLanguage\":\"pl-PL\",\"potentialAction\":[{\"@type\":\"ReadAction\",\"target\":[\"https:\\\/\\\/eltor2.pl\\\/index.php\\\/produkt\\\/materac-stabilizacyjny-trojkaty\\\/\"]}]},{\"@type\":\"ImageObject\",\"inLanguage\":\"pl-PL\",\"@id\":\"https:\\\/\\\/eltor2.pl\\\/index.php\\\/produkt\\\/materac-stabilizacyjny-trojkaty\\\/#primaryimage\",\"url\":\"https:\\\/\\\/eltor2.pl\\\/wp-content\\\/uploads\\\/2019\\\/11\\\/image.png\",\"contentUrl\":\"https:\\\/\\\/eltor2.pl\\\/wp-content\\\/uploads\\\/2019\\\/11\\\/image.png\",\"width\":2048,\"height\":1536},{\"@type\":\"BreadcrumbList\",\"@id\":\"https:\\\/\\\/eltor2.pl\\\/index.php\\\/produkt\\\/materac-stabilizacyjny-trojkaty\\\/#breadcrumb\",\"itemListElement\":[{\"@type\":\"ListItem\",\"position\":1,\"name\":\"Strona g\u0142\u00f3wna\",\"item\":\"https:\\\/\\\/eltor2.pl\\\/\"},{\"@type\":\"ListItem\",\"position\":2,\"name\":\"Sklep\",\"item\":\"https:\\\/\\\/eltor2.pl\\\/index.php\\\/sklep\\\/\"},{\"@type\":\"ListItem\",\"position\":3,\"name\":\"Materac stabilizacyjny -tr\u00f3jk\u0105ty\"}]},{\"@type\":\"WebSite\",\"@id\":\"https:\\\/\\\/eltor2.pl\\\/#website\",\"url\":\"https:\\\/\\\/eltor2.pl\\\/\",\"name\":\"Eltor2\",\"description\":\"plandeki \\\/ kotary \\\/ bannery \\\/ dachy \\\/ os\u0142ony taras\u00f3w, altan i balkon\u00f3w \\\/ materace weterynaryjne \\\/ szycie \\\/ zgrzewanie \\\/ naprawa przystawek przyczep kempingowych i namiot\u00f3w \\\/ us\u0142ugi riggerskie \\\/ us\u0142ugi ci\u0119cia drzew\",\"publisher\":{\"@id\":\"https:\\\/\\\/eltor2.pl\\\/#organization\"},\"potentialAction\":[{\"@type\":\"SearchAction\",\"target\":{\"@type\":\"EntryPoint\",\"urlTemplate\":\"https:\\\/\\\/eltor2.pl\\\/?s={search_term_string}\"},\"query-input\":{\"@type\":\"PropertyValueSpecification\",\"valueRequired\":true,\"valueName\":\"search_term_string\"}}],\"inLanguage\":\"pl-PL\"},{\"@type\":\"Organization\",\"@id\":\"https:\\\/\\\/eltor2.pl\\\/#organization\",\"name\":\"Eltor 2\",\"url\":\"https:\\\/\\\/eltor2.pl\\\/\",\"logo\":{\"@type\":\"ImageObject\",\"inLanguage\":\"pl-PL\",\"@id\":\"https:\\\/\\\/eltor2.pl\\\/#\\\/schema\\\/logo\\\/image\\\/\",\"url\":\"http:\\\/\\\/eltor2.pl\\\/wp-content\\\/uploads\\\/2020\\\/01\\\/logo-Eltor2-e1579770563767.png\",\"contentUrl\":\"http:\\\/\\\/eltor2.pl\\\/wp-content\\\/uploads\\\/2020\\\/01\\\/logo-Eltor2-e1579770563767.png\",\"width\":150,\"height\":38,\"caption\":\"Eltor 2\"},\"image\":{\"@id\":\"https:\\\/\\\/eltor2.pl\\\/#\\\/schema\\\/logo\\\/image\\\/\"},\"sameAs\":[\"https:\\\/\\\/www.facebook.com\\\/eltor2\\\/\"]}]}<\/script>\n<!-- \/ Yoast SEO plugin. -->","yoast_head_json":{"title":"Materac stabilizacyjny -tr\u00f3jk\u0105ty | Eltor2","robots":{"index":"index","follow":"follow","max-snippet":"max-snippet:-1","max-image-preview":"max-image-preview:large","max-video-preview":"max-video-preview:-1"},"canonical":"https:\/\/eltor2.pl\/index.php\/produkt\/materac-stabilizacyjny-trojkaty\/","og_locale":"pl_PL","og_type":"article","og_title":"Materac stabilizacyjny -tr\u00f3jk\u0105ty | Eltor2","og_description":"materac stabilizacyjny, dwa tr\u00f3jk\u0105ty","og_url":"https:\/\/eltor2.pl\/index.php\/produkt\/materac-stabilizacyjny-trojkaty\/","og_site_name":"Eltor2","article_publisher":"https:\/\/www.facebook.com\/eltor2\/","article_modified_time":"2024-04-23T06:32:12+00:00","og_image":[{"width":1024,"height":768,"url":"https:\/\/eltor2.pl\/wp-content\/uploads\/2019\/11\/image-1024x768.png","type":"image\/png"}],"twitter_card":"summary_large_image","schema":{"@context":"https:\/\/schema.org","@graph":[{"@type":"WebPage","@id":"https:\/\/eltor2.pl\/index.php\/produkt\/materac-stabilizacyjny-trojkaty\/","url":"https:\/\/eltor2.pl\/index.php\/produkt\/materac-stabilizacyjny-trojkaty\/","name":"Materac stabilizacyjny -tr\u00f3jk\u0105ty | Eltor2","isPartOf":{"@id":"https:\/\/eltor2.pl\/#website"},"primaryImageOfPage":{"@id":"https:\/\/eltor2.pl\/index.php\/produkt\/materac-stabilizacyjny-trojkaty\/#primaryimage"},"image":{"@id":"https:\/\/eltor2.pl\/index.php\/produkt\/materac-stabilizacyjny-trojkaty\/#primaryimage"},"thumbnailUrl":"https:\/\/eltor2.pl\/wp-content\/uploads\/2019\/11\/image.png","datePublished":"2019-11-14T10:02:34+00:00","dateModified":"2024-04-23T06:32:12+00:00","breadcrumb":{"@id":"https:\/\/eltor2.pl\/index.php\/produkt\/materac-stabilizacyjny-trojkaty\/#breadcrumb"},"inLanguage":"pl-PL","potentialAction":[{"@type":"ReadAction","target":["https:\/\/eltor2.pl\/index.php\/produkt\/materac-stabilizacyjny-trojkaty\/"]}]},{"@type":"ImageObject","inLanguage":"pl-PL","@id":"https:\/\/eltor2.pl\/index.php\/produkt\/materac-stabilizacyjny-trojkaty\/#primaryimage","url":"https:\/\/eltor2.pl\/wp-content\/uploads\/2019\/11\/image.png","contentUrl":"https:\/\/eltor2.pl\/wp-content\/uploads\/2019\/11\/image.png","width":2048,"height":1536},{"@type":"BreadcrumbList","@id":"https:\/\/eltor2.pl\/index.php\/produkt\/materac-stabilizacyjny-trojkaty\/#breadcrumb","itemListElement":[{"@type":"ListItem","position":1,"name":"Strona g\u0142\u00f3wna","item":"https:\/\/eltor2.pl\/"},{"@type":"ListItem","position":2,"name":"Sklep","item":"https:\/\/eltor2.pl\/index.php\/sklep\/"},{"@type":"ListItem","position":3,"name":"Materac stabilizacyjny -tr\u00f3jk\u0105ty"}]},{"@type":"WebSite","@id":"https:\/\/eltor2.pl\/#website","url":"https:\/\/eltor2.pl\/","name":"Eltor2","description":"plandeki \/ kotary \/ bannery \/ dachy \/ os\u0142ony taras\u00f3w, altan i balkon\u00f3w \/ materace weterynaryjne \/ szycie \/ zgrzewanie \/ naprawa przystawek przyczep kempingowych i namiot\u00f3w \/ us\u0142ugi riggerskie \/ us\u0142ugi ci\u0119cia drzew","publisher":{"@id":"https:\/\/eltor2.pl\/#organization"},"potentialAction":[{"@type":"SearchAction","target":{"@type":"EntryPoint","urlTemplate":"https:\/\/eltor2.pl\/?s={search_term_string}"},"query-input":{"@type":"PropertyValueSpecification","valueRequired":true,"valueName":"search_term_string"}}],"inLanguage":"pl-PL"},{"@type":"Organization","@id":"https:\/\/eltor2.pl\/#organization","name":"Eltor 2","url":"https:\/\/eltor2.pl\/","logo":{"@type":"ImageObject","inLanguage":"pl-PL","@id":"https:\/\/eltor2.pl\/#\/schema\/logo\/image\/","url":"http:\/\/eltor2.pl\/wp-content\/uploads\/2020\/01\/logo-Eltor2-e1579770563767.png","contentUrl":"http:\/\/eltor2.pl\/wp-content\/uploads\/2020\/01\/logo-Eltor2-e1579770563767.png","width":150,"height":38,"caption":"Eltor 2"},"image":{"@id":"https:\/\/eltor2.pl\/#\/schema\/logo\/image\/"},"sameAs":["https:\/\/www.facebook.com\/eltor2\/"]}]}},"jetpack_sharing_enabled":true,"_links":{"self":[{"href":"https:\/\/eltor2.pl\/index.php\/wp-json\/wp\/v2\/product\/173","targetHints":{"allow":["GET"]}}],"collection":[{"href":"https:\/\/eltor2.pl\/index.php\/wp-json\/wp\/v2\/product"}],"about":[{"href":"https:\/\/eltor2.pl\/index.php\/wp-json\/wp\/v2\/types\/product"}],"replies":[{"embeddable":true,"href":"https:\/\/eltor2.pl\/index.php\/wp-json\/wp\/v2\/comments?post=173"}],"wp:featuredmedia":[{"embeddable":true,"href":"https:\/\/eltor2.pl\/index.php\/wp-json\/wp\/v2\/media\/96"}],"wp:attachment":[{"href":"https:\/\/eltor2.pl\/index.php\/wp-json\/wp\/v2\/media?parent=173"}],"wp:term":[{"taxonomy":"product_brand","embeddable":true,"href":"https:\/\/eltor2.pl\/index.php\/wp-json\/wp\/v2\/product_brand?post=173"},{"taxonomy":"product_cat","embeddable":true,"href":"https:\/\/eltor2.pl\/index.php\/wp-json\/wp\/v2\/product_cat?post=173"},{"taxonomy":"product_tag","embeddable":true,"href":"https:\/\/eltor2.pl\/index.php\/wp-json\/wp\/v2\/product_tag?post=173"}],"curies":[{"name":"wp","href":"https:\/\/api.w.org\/{rel}","templated":true}]}}